{"id":4353,"date":"2021-06-28T19:59:55","date_gmt":"2021-06-28T19:59:55","guid":{"rendered":"https:\/\/salimediciones.com.ar\/new\/?page_id=4353"},"modified":"2021-11-15T22:08:31","modified_gmt":"2021-11-15T22:08:31","slug":"vinculos-3","status":"publish","type":"page","link":"https:\/\/salimediciones.com.ar\/new\/vinculos-3\/","title":{"rendered":"Los viajes de Cata y Zeo"},"content":{"rendered":"\t\t<div data-elementor-type=\"wp-page\" data-elementor-id=\"4353\" class=\"elementor elementor-4353\">\n\t\t\t\t\t\t<section class=\"elementor-section elementor-top-section elementor-element elementor-element-fd35d2e elementor-section-boxed elementor-section-height-default elementor-section-height-default\" data-id=\"fd35d2e\" data-element_type=\"section\" data-e-type=\"section\">\n\t\t\t\t\t\t<div class=\"elementor-container elementor-column-gap-default\">\n\t\t\t\t\t<div class=\"elementor-column elementor-col-100 elementor-top-column elementor-element elementor-element-c1caa04\" data-id=\"c1caa04\" data-element_type=\"column\" data-e-type=\"column\">\n\t\t\t<div class=\"elementor-widget-wrap\">\n\t\t\t\t\t\t\t<\/div>\n\t\t<\/div>\n\t\t\t\t\t<\/div>\n\t\t<\/section>\n\t\t\t\t<section class=\"elementor-section elementor-top-section elementor-element elementor-element-9c8f602 elementor-section-boxed elementor-section-height-default elementor-section-height-default\" data-id=\"9c8f602\" data-element_type=\"section\" data-e-type=\"section\">\n\t\t\t\t\t\t<div class=\"elementor-container elementor-column-gap-default\">\n\t\t\t\t\t<div class=\"elementor-column elementor-col-100 elementor-top-column elementor-element elementor-element-3f66ea8\" data-id=\"3f66ea8\" data-element_type=\"column\" data-e-type=\"column\">\n\t\t\t<div class=\"elementor-widget-wrap elementor-element-populated\">\n\t\t\t\t\t\t<div class=\"elementor-element elementor-element-1c17f37 elementor-widget elementor-widget-lae-portfolio\" data-id=\"1c17f37\" data-element_type=\"widget\" data-e-type=\"widget\" data-settings=\"{&quot;per_line&quot;:&quot;3&quot;,&quot;per_line_tablet&quot;:&quot;2&quot;,&quot;per_line_mobile&quot;:&quot;1&quot;}\" data-widget_type=\"lae-portfolio.default\">\n\t\t\t\t<div class=\"elementor-widget-container\">\n\t\t\t\t\t<div id=\"lae-block-uid-6a035e6de053c\" class=\"lae-container lae-block lae-block-grid lae-block-grid-1 lae-gapless-grid lae-block-header-expanded lae-block-header-6 grid-1 lae-block-uid-6a035e6de053c\"  data-block-uid='lae-block-uid-6a035e6de053c' data-action='lae_load_posts_block' data-query='{\"orderby\":\"date\",\"order\":\"DESC\",\"ignore_sticky_posts\":1,\"post_status\":\"publish\",\"posts_per_page\":6,\"offset\":0,\"post_type\":\"post\",\"tax_query\":{\"relation\":\"OR\",\"0\":{\"taxonomy\":\"coleccion\",\"field\":\"slug\",\"terms\":\"los-viajes-de-cata-y-zeo\"}},\"paged\":1}' data-settings='{\"block_class\":\"grid-1\",\"heading\":\"\",\"heading_url\":{\"url\":\"\",\"is_external\":\"true\",\"nofollow\":\"\",\"custom_attributes\":\"\"},\"taxonomy_chosen\":\"category\",\"header_template\":\"block_header_6\",\"block_type\":\"block_grid_1\",\"grid_skin\":\"classic_skin\",\"item_template\":\"\",\"grid_template\":\"\",\"display_title_on_thumbnail\":true,\"display_taxonomy_on_thumbnail\":false,\"display_title\":false,\"display_summary\":false,\"rich_text_excerpt\":false,\"display_excerpt_lightbox\":true,\"display_read_more\":false,\"read_more_text\":\"Read More\",\"display_author\":false,\"display_post_date\":false,\"display_comments\":false,\"display_taxonomy\":false,\"display_product_quick_view\":true,\"display_product_price\":true,\"display_add_to_cart_button\":true,\"display_wish_list_button\":true,\"display_product_rating\":true,\"thumbnail_size_size\":\"medium\",\"thumbnail_size_custom_dimension\":[],\"filterable\":false,\"layout_mode\":\"fitRows\",\"per_line\":3,\"per_line_tablet\":2,\"per_line_mobile\":1,\"per_line1\":2,\"per_line2\":4,\"per_line2_tablet\":2,\"per_line2_mobile\":1,\"image_linkable\":true,\"post_link_new_window\":false,\"excerpt_length\":25,\"enable_lightbox\":true,\"pagination\":\"none\",\"show_remaining\":true,\"heading_tag\":\"h3\",\"title_tag\":\"h3\",\"entry_title_tag\":\"h3\",\"taxonomies\":[\"coleccion\"]}' data-taxonomies='[\"coleccion\"]' data-total='5' data-current='1' data-maxpages='1' data-filter-term='' data-filter-taxonomy=''><div class=\"lae-block-inner lae-grid-container  lae-grid-desktop-3 lae-grid-tablet-2 lae-grid-mobile-1\"><div class=\"lae-block-column  term-333 lae-grid-item\">\n        <article\n                class=\"lae-module-11 lae-module post-3898 post type-post status-publish format-standard has-post-thumbnail hentry category-uncategorized autor-mariatti-julieta coleccion-los-viajes-de-cata-y-zeo\">\n\n            \n                <div class=\"lae-module-image\">\n\n                    <a class=\"lae-post-link\" href=\"https:\/\/salimediciones.com.ar\/new\/aventuras-en-el-mundo-de-perrault\/\"><img fetchpriority=\"high\" decoding=\"async\" width=\"207\" height=\"300\" src=\"https:\/\/salimediciones.com.ar\/new\/wp-content\/uploads\/2020\/07\/514512-207x300.jpg\" class=\"lae-image skip-lazy no-lazyload exclude-me a3-notlazy attachment-medium size-medium\" alt=\"514512\" title=\"514512\" data-no-lazy=\"1\" loading=\"eager\" srcset=\"https:\/\/salimediciones.com.ar\/new\/wp-content\/uploads\/2020\/07\/514512-207x300.jpg 207w, https:\/\/salimediciones.com.ar\/new\/wp-content\/uploads\/2020\/07\/514512-225x326.jpg 225w, https:\/\/salimediciones.com.ar\/new\/wp-content\/uploads\/2020\/07\/514512.jpg 411w\" sizes=\"(max-width: 207px) 100vw, 207px\" \/><\/a>\n                    <a class=\"lae-lightbox-item lae-click-icon\" data-elementor-open-lightbox=\"no\" data-fancybox=\"grid-1\" data-thumb=\"https:\/\/salimediciones.com.ar\/new\/wp-content\/uploads\/2020\/07\/514512-225x326.jpg\" data-post-link=\"https:\/\/salimediciones.com.ar\/new\/aventuras-en-el-mundo-de-perrault\/\" data-post-excerpt=\"Autor: Mariatti Julieta ISBN: 9789877420425 P\u00e1ginas: 128 Caracter\u00edstica: Seleccion de 5 cuentos del autor Colecci\u00f3n: Los Viajes de Cata y Zeo\u00a0 Cata quiere tener un\u2026\" href=\"https:\/\/salimediciones.com.ar\/new\/wp-content\/uploads\/2020\/07\/514512.jpg\" title=\"AVENTURAS EN EL MUNDO DE PERRAULT\"><i class=\"lae-icon-full-screen\"><\/i><\/a>\n                    <div class=\"lae-module-image-info\">\n\n                        <div class=\"lae-module-entry-info\">\n\n                            <h3 class=\"lae-post-title\"><a href=\"https:\/\/salimediciones.com.ar\/new\/aventuras-en-el-mundo-de-perrault\/\" title=\"AVENTURAS EN EL MUNDO DE PERRAULT\" rel=\"bookmark\">AVENTURAS EN EL MUNDO DE PERRAULT<\/a><\/h3>\n                            \n                        <\/div>\n\n                    <\/div>\n\n                <\/div>\n\n            \n            <div class=\"lae-module-entry-text\">\n\n                \n                <div class=\"lae-module-meta\">\n                                                                            <\/div>\n\n                <div class=\"lae-excerpt\">\n                                    <\/div>\n\n                \n            <\/div>\n\n        <\/article><!-- .hentry -->\n\n        <\/div><div class=\"lae-block-column  term-333 lae-grid-item\">\n        <article\n                class=\"lae-module-11 lae-module post-3896 post type-post status-publish format-standard has-post-thumbnail hentry category-uncategorized autor-mariatti-julieta coleccion-los-viajes-de-cata-y-zeo\">\n\n            \n                <div class=\"lae-module-image\">\n\n                    <a class=\"lae-post-link\" href=\"https:\/\/salimediciones.com.ar\/new\/aventuras-en-el-mundo-de-los-hermanos-grimm\/\"><img decoding=\"async\" width=\"207\" height=\"300\" src=\"https:\/\/salimediciones.com.ar\/new\/wp-content\/uploads\/2020\/07\/514782-207x300.jpg\" class=\"lae-image skip-lazy no-lazyload exclude-me a3-notlazy attachment-medium size-medium\" alt=\"514782\" title=\"514782\" data-no-lazy=\"1\" loading=\"eager\" srcset=\"https:\/\/salimediciones.com.ar\/new\/wp-content\/uploads\/2020\/07\/514782-207x300.jpg 207w, https:\/\/salimediciones.com.ar\/new\/wp-content\/uploads\/2020\/07\/514782-225x326.jpg 225w, https:\/\/salimediciones.com.ar\/new\/wp-content\/uploads\/2020\/07\/514782.jpg 411w\" sizes=\"(max-width: 207px) 100vw, 207px\" \/><\/a>\n                    <a class=\"lae-lightbox-item lae-click-icon\" data-elementor-open-lightbox=\"no\" data-fancybox=\"grid-1\" data-thumb=\"https:\/\/salimediciones.com.ar\/new\/wp-content\/uploads\/2020\/07\/514782-225x326.jpg\" data-post-link=\"https:\/\/salimediciones.com.ar\/new\/aventuras-en-el-mundo-de-los-hermanos-grimm\/\" data-post-excerpt=\"Autor: Mariatti Julieta ISBN: 9789877420449 P\u00e1ginas: 128 Caracter\u00edstica: Seleccion de 5 cuentos del autor Colecci\u00f3n: Los Viajes de Cata y Zeo\u00a0 Cata est\u00e1 preocupada. En\u2026\" href=\"https:\/\/salimediciones.com.ar\/new\/wp-content\/uploads\/2020\/07\/514782.jpg\" title=\"AVENTURAS EN EL MUNDO DE LOS HERMANOS GRIMM\"><i class=\"lae-icon-full-screen\"><\/i><\/a>\n                    <div class=\"lae-module-image-info\">\n\n                        <div class=\"lae-module-entry-info\">\n\n                            <h3 class=\"lae-post-title\"><a href=\"https:\/\/salimediciones.com.ar\/new\/aventuras-en-el-mundo-de-los-hermanos-grimm\/\" title=\"AVENTURAS EN EL MUNDO DE LOS HERMANOS GRIMM\" rel=\"bookmark\">AVENTURAS EN EL MUNDO DE LOS HERMANOS GRIMM<\/a><\/h3>\n                            \n                        <\/div>\n\n                    <\/div>\n\n                <\/div>\n\n            \n            <div class=\"lae-module-entry-text\">\n\n                \n                <div class=\"lae-module-meta\">\n                                                                            <\/div>\n\n                <div class=\"lae-excerpt\">\n                                    <\/div>\n\n                \n            <\/div>\n\n        <\/article><!-- .hentry -->\n\n        <\/div><div class=\"lae-block-column  term-333 lae-grid-item\">\n        <article\n                class=\"lae-module-11 lae-module post-3894 post type-post status-publish format-standard has-post-thumbnail hentry category-uncategorized autor-suarez-patricia coleccion-los-viajes-de-cata-y-zeo\">\n\n            \n                <div class=\"lae-module-image\">\n\n                    <a class=\"lae-post-link\" href=\"https:\/\/salimediciones.com.ar\/new\/aventuras-en-el-mundo-de-afanasiev\/\"><img decoding=\"async\" width=\"207\" height=\"300\" src=\"https:\/\/salimediciones.com.ar\/new\/wp-content\/uploads\/2020\/07\/514732-207x300.jpg\" class=\"lae-image skip-lazy no-lazyload exclude-me a3-notlazy attachment-medium size-medium\" alt=\"514732\" title=\"514732\" data-no-lazy=\"1\" loading=\"eager\" srcset=\"https:\/\/salimediciones.com.ar\/new\/wp-content\/uploads\/2020\/07\/514732-207x300.jpg 207w, https:\/\/salimediciones.com.ar\/new\/wp-content\/uploads\/2020\/07\/514732-707x1024.jpg 707w, https:\/\/salimediciones.com.ar\/new\/wp-content\/uploads\/2020\/07\/514732-225x326.jpg 225w, https:\/\/salimediciones.com.ar\/new\/wp-content\/uploads\/2020\/07\/514732-768x1112.jpg 768w, https:\/\/salimediciones.com.ar\/new\/wp-content\/uploads\/2020\/07\/514732.jpg 1028w\" sizes=\"(max-width: 207px) 100vw, 207px\" \/><\/a>\n                    <a class=\"lae-lightbox-item lae-click-icon\" data-elementor-open-lightbox=\"no\" data-fancybox=\"grid-1\" data-thumb=\"https:\/\/salimediciones.com.ar\/new\/wp-content\/uploads\/2020\/07\/514732-225x326.jpg\" data-post-link=\"https:\/\/salimediciones.com.ar\/new\/aventuras-en-el-mundo-de-afanasiev\/\" data-post-excerpt=\"Autor: Suarez Patricia ISBN: 9789877420456 P\u00e1ginas: 128 Caracter\u00edstica: Seleccion de 5 cuentos del autor Colecci\u00f3n: Los Viajes de Cata y Zeo\u00a0 En la escuela de\u2026\" href=\"https:\/\/salimediciones.com.ar\/new\/wp-content\/uploads\/2020\/07\/514732.jpg\" title=\"AVENTURAS EN EL MUNDO DE AFANASIEV\"><i class=\"lae-icon-full-screen\"><\/i><\/a>\n                    <div class=\"lae-module-image-info\">\n\n                        <div class=\"lae-module-entry-info\">\n\n                            <h3 class=\"lae-post-title\"><a href=\"https:\/\/salimediciones.com.ar\/new\/aventuras-en-el-mundo-de-afanasiev\/\" title=\"AVENTURAS EN EL MUNDO DE AFANASIEV\" rel=\"bookmark\">AVENTURAS EN EL MUNDO DE AFANASIEV<\/a><\/h3>\n                            \n                        <\/div>\n\n                    <\/div>\n\n                <\/div>\n\n            \n            <div class=\"lae-module-entry-text\">\n\n                \n                <div class=\"lae-module-meta\">\n                                                                            <\/div>\n\n                <div class=\"lae-excerpt\">\n                                    <\/div>\n\n                \n            <\/div>\n\n        <\/article><!-- .hentry -->\n\n        <\/div><div class=\"lae-block-column  term-333 lae-grid-item\">\n        <article\n                class=\"lae-module-11 lae-module post-3897 post type-post status-publish format-standard has-post-thumbnail hentry category-uncategorized autor-suarez-patricia coleccion-los-viajes-de-cata-y-zeo\">\n\n            \n                <div class=\"lae-module-image\">\n\n                    <a class=\"lae-post-link\" href=\"https:\/\/salimediciones.com.ar\/new\/aventuras-en-el-mundo-de-horacio-quiroga\/\"><img decoding=\"async\" width=\"179\" height=\"300\" src=\"https:\/\/salimediciones.com.ar\/new\/wp-content\/uploads\/2020\/07\/50021-179x300.jpg\" class=\"lae-image skip-lazy no-lazyload exclude-me a3-notlazy attachment-medium size-medium\" alt=\"50021\" title=\"50021\" data-no-lazy=\"1\" loading=\"eager\" srcset=\"https:\/\/salimediciones.com.ar\/new\/wp-content\/uploads\/2020\/07\/50021-179x300.jpg 179w, https:\/\/salimediciones.com.ar\/new\/wp-content\/uploads\/2020\/07\/50021-212x355.jpg 212w, https:\/\/salimediciones.com.ar\/new\/wp-content\/uploads\/2020\/07\/50021.jpg 318w\" sizes=\"(max-width: 179px) 100vw, 179px\" \/><\/a>\n                    <a class=\"lae-lightbox-item lae-click-icon\" data-elementor-open-lightbox=\"no\" data-fancybox=\"grid-1\" data-thumb=\"https:\/\/salimediciones.com.ar\/new\/wp-content\/uploads\/2020\/07\/50021-212x355.jpg\" data-post-link=\"https:\/\/salimediciones.com.ar\/new\/aventuras-en-el-mundo-de-horacio-quiroga\/\" data-post-excerpt=\"Autor: Suarez Patricia ISBN: 9789877421163 P\u00e1ginas: 128 Caracter\u00edstica: Seleccion de 5 cuentos del autor Colecci\u00f3n: Los Viajes de Cata y Zeo\u00a0 Cuando el invierno se\u2026\" href=\"https:\/\/salimediciones.com.ar\/new\/wp-content\/uploads\/2020\/07\/50021.jpg\" title=\"AVENTURAS EN EL MUNDO DE HORACIO QUIROGA\"><i class=\"lae-icon-full-screen\"><\/i><\/a>\n                    <div class=\"lae-module-image-info\">\n\n                        <div class=\"lae-module-entry-info\">\n\n                            <h3 class=\"lae-post-title\"><a href=\"https:\/\/salimediciones.com.ar\/new\/aventuras-en-el-mundo-de-horacio-quiroga\/\" title=\"AVENTURAS EN EL MUNDO DE HORACIO QUIROGA\" rel=\"bookmark\">AVENTURAS EN EL MUNDO DE HORACIO QUIROGA<\/a><\/h3>\n                            \n                        <\/div>\n\n                    <\/div>\n\n                <\/div>\n\n            \n            <div class=\"lae-module-entry-text\">\n\n                \n                <div class=\"lae-module-meta\">\n                                                                            <\/div>\n\n                <div class=\"lae-excerpt\">\n                                    <\/div>\n\n                \n            <\/div>\n\n        <\/article><!-- .hentry -->\n\n        <\/div><div class=\"lae-block-column  term-333 lae-grid-item\">\n        <article\n                class=\"lae-module-11 lae-module post-3895 post type-post status-publish format-standard has-post-thumbnail hentry category-uncategorized autor-suarez-patricia coleccion-los-viajes-de-cata-y-zeo\">\n\n            \n                <div class=\"lae-module-image\">\n\n                    <a class=\"lae-post-link\" href=\"https:\/\/salimediciones.com.ar\/new\/aventuras-en-el-mundo-de-andersen\/\"><img decoding=\"async\" width=\"207\" height=\"300\" src=\"https:\/\/salimediciones.com.ar\/new\/wp-content\/uploads\/2020\/07\/514960-207x300.jpg\" class=\"lae-image skip-lazy no-lazyload exclude-me a3-notlazy attachment-medium size-medium\" alt=\"514960\" title=\"514960\" data-no-lazy=\"1\" loading=\"eager\" srcset=\"https:\/\/salimediciones.com.ar\/new\/wp-content\/uploads\/2020\/07\/514960-207x300.jpg 207w, https:\/\/salimediciones.com.ar\/new\/wp-content\/uploads\/2020\/07\/514960-225x326.jpg 225w, https:\/\/salimediciones.com.ar\/new\/wp-content\/uploads\/2020\/07\/514960.jpg 411w\" sizes=\"(max-width: 207px) 100vw, 207px\" \/><\/a>\n                    <a class=\"lae-lightbox-item lae-click-icon\" data-elementor-open-lightbox=\"no\" data-fancybox=\"grid-1\" data-thumb=\"https:\/\/salimediciones.com.ar\/new\/wp-content\/uploads\/2020\/07\/514960-225x326.jpg\" data-post-link=\"https:\/\/salimediciones.com.ar\/new\/aventuras-en-el-mundo-de-andersen\/\" data-post-excerpt=\"Autor: Suarez Patricia ISBN: 9789877420418 P\u00e1ginas: 128 Caracter\u00edstica: Seleccion de 5 cuentos del autor Colecci\u00f3n: Los Viajes de Cata y Zeo\u00a0 No para de llover\u2026\" href=\"https:\/\/salimediciones.com.ar\/new\/wp-content\/uploads\/2020\/07\/514960.jpg\" title=\"AVENTURAS EN EL MUNDO DE ANDERSEN\"><i class=\"lae-icon-full-screen\"><\/i><\/a>\n                    <div class=\"lae-module-image-info\">\n\n                        <div class=\"lae-module-entry-info\">\n\n                            <h3 class=\"lae-post-title\"><a href=\"https:\/\/salimediciones.com.ar\/new\/aventuras-en-el-mundo-de-andersen\/\" title=\"AVENTURAS EN EL MUNDO DE ANDERSEN\" rel=\"bookmark\">AVENTURAS EN EL MUNDO DE ANDERSEN<\/a><\/h3>\n                            \n                        <\/div>\n\n                    <\/div>\n\n                <\/div>\n\n            \n            <div class=\"lae-module-entry-text\">\n\n                \n                <div class=\"lae-module-meta\">\n                                                                            <\/div>\n\n                <div class=\"lae-excerpt\">\n                                    <\/div>\n\n                \n            <\/div>\n\n        <\/article><!-- .hentry -->\n\n        <\/div><\/div><!-- .block-inner --><\/div><!-- .block -->\t\t\t\t<\/div>\n\t\t\t\t<\/div>\n\t\t\t\t\t<\/div>\n\t\t<\/div>\n\t\t\t\t\t<\/div>\n\t\t<\/section>\n\t\t\t\t<\/div>\n\t\t","protected":false},"excerpt":{"rendered":"<p>AVENTURAS EN EL MUNDO DE PERRAULT AVENTURAS EN EL MUNDO DE LOS HERMANOS GRIMM AVENTURAS EN EL MUNDO DE AFANASIEV AVENTURAS EN EL MUNDO DE HORACIO QUIROGA AVENTURAS EN EL MUNDO DE ANDERSEN<\/p>\n","protected":false},"author":1,"featured_media":0,"parent":0,"menu_order":0,"comment_status":"closed","ping_status":"closed","template":"","meta":{"footnotes":""},"class_list":["post-4353","page","type-page","status-publish","hentry"],"_links":{"self":[{"href":"https:\/\/salimediciones.com.ar\/new\/wp-json\/wp\/v2\/pages\/4353","targetHints":{"allow":["GET"]}}],"collection":[{"href":"https:\/\/salimediciones.com.ar\/new\/wp-json\/wp\/v2\/pages"}],"about":[{"href":"https:\/\/salimediciones.com.ar\/new\/wp-json\/wp\/v2\/types\/page"}],"author":[{"embeddable":true,"href":"https:\/\/salimediciones.com.ar\/new\/wp-json\/wp\/v2\/users\/1"}],"replies":[{"embeddable":true,"href":"https:\/\/salimediciones.com.ar\/new\/wp-json\/wp\/v2\/comments?post=4353"}],"version-history":[{"count":6,"href":"https:\/\/salimediciones.com.ar\/new\/wp-json\/wp\/v2\/pages\/4353\/revisions"}],"predecessor-version":[{"id":4371,"href":"https:\/\/salimediciones.com.ar\/new\/wp-json\/wp\/v2\/pages\/4353\/revisions\/4371"}],"wp:attachment":[{"href":"https:\/\/salimediciones.com.ar\/new\/wp-json\/wp\/v2\/media?parent=4353"}],"curies":[{"name":"wp","href":"https:\/\/api.w.org\/{rel}","templated":true}]}}