{"id":4264,"date":"2021-06-11T18:16:31","date_gmt":"2021-06-11T18:16:31","guid":{"rendered":"https:\/\/salimediciones.com.ar\/new\/?page_id=4264"},"modified":"2021-06-11T18:16:31","modified_gmt":"2021-06-11T18:16:31","slug":"nosotros","status":"publish","type":"page","link":"https:\/\/salimediciones.com.ar\/new\/nosotros\/","title":{"rendered":"Nosotros"},"content":{"rendered":"\n<div class=\"wp-block-columns is-layout-flex wp-container-core-columns-is-layout-9d6595d7 wp-block-columns-is-layout-flex\">\n<div class=\"wp-block-column is-layout-flow wp-block-column-is-layout-flow\" style=\"flex-basis:66.66%\">\n<p><span class=\"has-inline-color has-vivid-cyan-blue-color\"><strong><em>Salim Ediciones surgi\u00f3 como fruto de la extensa labor emprendida por la Distribuidora Alberto Luongo S.A. La propuesta editorial consisti\u00f3 en un plan ambicioso que incluyera la publicaci\u00f3n de cl\u00e1sicos universales, a trav\u00e9s de la colecci\u00f3n Grandes Lecturas, y de obras contempor\u00e1neas de autores reconocidos y n\u00f3veles a trav\u00e9s de la colecci\u00f3n Amaranta. Asimismo, con el prop\u00f3sito de brindar apoyo en los primeros a\u00f1os, publicamos Pantuflas. Adem\u00e1s, para establecer puentes con los autores cl\u00e1sicos, creamos la original colecci\u00f3n \u201cEp\u00edlogo\u201d. La editorial se encuentra en plena expansi\u00f3n ya que contamos con una estructura empresarial que as\u00ed lo permite, y porque los libros han tenido una excelente recepci\u00f3n en escuelas, librer\u00edas y lectores. Nuestros libros se corresponden con los deseos de que tanto en la selecci\u00f3n del t\u00edtulo, en el contenido y en la est\u00e9tica como en la calidad de la edici\u00f3n, generen y promuevan lectores que aprendan, se diviertan y potencien su imaginaci\u00f3n, es decir, sean lector plenos.<\/em><\/strong><\/span><\/p>\n<\/div>\n\n\n\n<div class=\"wp-block-column is-layout-flow wp-block-column-is-layout-flow\" style=\"flex-basis:33.33%\">\n<figure class=\"wp-block-image size-large\"><img fetchpriority=\"high\" decoding=\"async\" width=\"262\" height=\"318\" src=\"https:\/\/salimediciones.com.ar\/new\/wp-content\/uploads\/2021\/06\/bichitos.jpg\" alt=\"\" class=\"wp-image-4265\" srcset=\"https:\/\/salimediciones.com.ar\/new\/wp-content\/uploads\/2021\/06\/bichitos.jpg 262w, https:\/\/salimediciones.com.ar\/new\/wp-content\/uploads\/2021\/06\/bichitos-247x300.jpg 247w, https:\/\/salimediciones.com.ar\/new\/wp-content\/uploads\/2021\/06\/bichitos-225x273.jpg 225w\" sizes=\"(max-width: 262px) 100vw, 262px\" \/><\/figure>\n\n\n\n<p><\/p>\n<\/div>\n<\/div>\n\n\n\n<p><\/p>\n","protected":false},"excerpt":{"rendered":"<p>Salim Ediciones surgi\u00f3 como fruto de la extensa labor emprendida por la Distribuidora Alberto Luongo S.A. La propuesta editorial consisti\u00f3 en un plan ambicioso que incluyera la publicaci\u00f3n de cl\u00e1sicos universales, a trav\u00e9s de la colecci\u00f3n Grandes Lecturas, y de obras contempor\u00e1neas de autores reconocidos y n\u00f3veles a trav\u00e9s de la colecci\u00f3n Amaranta. Asimismo, con &hellip;<br \/><a href=\"https:\/\/salimediciones.com.ar\/new\/nosotros\/\" class=\"more-link pen_button pen_element_default pen_icon_arrow_double\">Seguir leyendo <span class=\"screen-reader-text\">Nosotros<\/span><\/a><\/p>\n","protected":false},"author":1,"featured_media":0,"parent":0,"menu_order":0,"comment_status":"closed","ping_status":"closed","template":"","meta":{"footnotes":""},"class_list":["post-4264","page","type-page","status-publish","hentry"],"_links":{"self":[{"href":"https:\/\/salimediciones.com.ar\/new\/wp-json\/wp\/v2\/pages\/4264","targetHints":{"allow":["GET"]}}],"collection":[{"href":"https:\/\/salimediciones.com.ar\/new\/wp-json\/wp\/v2\/pages"}],"about":[{"href":"https:\/\/salimediciones.com.ar\/new\/wp-json\/wp\/v2\/types\/page"}],"author":[{"embeddable":true,"href":"https:\/\/salimediciones.com.ar\/new\/wp-json\/wp\/v2\/users\/1"}],"replies":[{"embeddable":true,"href":"https:\/\/salimediciones.com.ar\/new\/wp-json\/wp\/v2\/comments?post=4264"}],"version-history":[{"count":1,"href":"https:\/\/salimediciones.com.ar\/new\/wp-json\/wp\/v2\/pages\/4264\/revisions"}],"predecessor-version":[{"id":4266,"href":"https:\/\/salimediciones.com.ar\/new\/wp-json\/wp\/v2\/pages\/4264\/revisions\/4266"}],"wp:attachment":[{"href":"https:\/\/salimediciones.com.ar\/new\/wp-json\/wp\/v2\/media?parent=4264"}],"curies":[{"name":"wp","href":"https:\/\/api.w.org\/{rel}","templated":true}]}}